{"id":13,"date":"2024-03-11T15:13:43","date_gmt":"2024-03-11T19:13:43","guid":{"rendered":"https:\/\/progesp.uepa.br\/?page_id=13"},"modified":"2026-01-08T10:34:11","modified_gmt":"2026-01-08T14:34:11","slug":"home","status":"publish","type":"page","link":"https:\/\/progesp.uepa.br\/","title":{"rendered":"Home"},"content":{"rendered":"\n<style>\r\n.ast-above-header-wrap  {\r\nbackground: none;\r\n}\r\n<\/style>\n\n\n\n<div class=\"wp-block-uagb-container uagb-block-48b5beed alignfull uagb-is-root-container\"><div class=\"uagb-container__shape uagb-container__shape-bottom uagb-container__invert\" data-negative=\"false\"><svg xmlns=\"https:\/\/www.w3.org\/2000\/svg\" viewBox=\"0 0 1000 100\" preserveAspectRatio=\"none\"><path class=\"uagb-container__shape-fill\" d=\"M0,0c0,0,0,6,0,6.7c0,18,240.2,93.6,615.2,92.6C989.8,98.5,1000,25,1000,6.7c0-0.7,0-6.7,0-6.7H0z\"><\/path><\/svg><\/div><div class=\"uagb-container-inner-blocks-wrap\">\n<div class=\"wp-block-uagb-container uagb-block-7d873da0\">\n<div class=\"inherit-container-width wp-block-group is-layout-constrained wp-block-group-is-layout-constrained\">\n<div class=\"wp-block-uagb-advanced-heading uagb-block-e41d20aa\"><h2 class=\"uagb-heading-text\">Pr\u00f3-Reitoria de Gest\u00e3o e Planejamento<\/h2><\/div>\n\n\n\n<div class=\"wp-block-uagb-advanced-heading uagb-block-bd6bf1bd justify\"><p class=\"uagb-heading-text\">Explore conosco as dimens\u00f5es estrat\u00e9gicas que impulsionam o progresso da Universidade do Estado do Par\u00e1 (UEPA). Na Pr\u00f3-Reitoria de Gest\u00e3o e Planejamento (PROGESP), comprometemo-nos a moldar um futuro s\u00f3lido para nossa institui\u00e7\u00e3o, integrando vis\u00e3o estrat\u00e9gica, inova\u00e7\u00e3o e efici\u00eancia.<\/p><\/div>\n\n\n\n<div class=\"wp-block-uagb-buttons uagb-buttons__outer-wrap uagb-btn__default-btn uagb-btn-tablet__default-btn uagb-btn-mobile__default-btn uagb-block-e458a6c3\"><div class=\"uagb-buttons__wrap uagb-buttons-layout-wrap\">\n<div class=\"wp-block-uagb-buttons-child uagb-buttons__outer-wrap uagb-block-93034a8e wp-block-button\"><div class=\"uagb-button__wrapper\"><a class=\"uagb-buttons-repeater wp-block-button__link\" href=\"#itens\" onclick=\"return true;\" rel=\"follow noopener\" target=\"_self\"><div class=\"uagb-button__link\">Saiba mais<\/div><\/a><\/div><\/div>\n<\/div><\/div>\n<\/div>\n\n\n\n<div class=\"inherit-container-width wp-block-group is-content-justification-left is-layout-constrained wp-container-core-group-is-layout-cc739763 wp-block-group-is-layout-constrained\">\n<div class=\"wp-block-uagb-image alignleft uagb-block-c9bde2ca wp-block-uagb-image--layout-default wp-block-uagb-image--effect-static wp-block-uagb-image--align-left\"><figure class=\"wp-block-uagb-image__figure\"><img decoding=\"async\" srcset=\"https:\/\/progesp.uepa.br\/wp-content\/uploads\/2026\/01\/Marca_Uepa_FundoEscuro_Branca-1024x463.png ,https:\/\/progesp.uepa.br\/wp-content\/uploads\/2026\/01\/Marca_Uepa_FundoEscuro_Branca.png 780w, https:\/\/progesp.uepa.br\/wp-content\/uploads\/2026\/01\/Marca_Uepa_FundoEscuro_Branca.png 360w\" sizes=\"auto, (max-width: 480px) 150px\" src=\"https:\/\/progesp.uepa.br\/wp-content\/uploads\/2026\/01\/Marca_Uepa_FundoEscuro_Branca-1024x463.png\" alt=\"\" class=\"uag-image-401\" width=\"196\" height=\"119\" title=\"\" loading=\"lazy\"\/><\/figure><\/div>\n<\/div>\n<\/div>\n\n\n\n<div class=\"wp-block-uagb-container uagb-block-f68d267d\"><\/div>\n<\/div><\/div>\n\n\n\n<div class=\"wp-block-uagb-container uagb-block-bf9c753b default uagb-is-root-container\">\n<div class=\"wp-block-uagb-advanced-heading uagb-block-037ace69\" id=\"agenda\"><h2 class=\"uagb-heading-text\"><strong>Agenda<\/strong><\/h2><div class=\"uagb-separator\"><\/div><\/div>\n\n\n\n  <div id='pgcalendar-31954230a1' class='pgcal-container'>carregando...<\/div>\n  <div class='pgcal-branding'>Fornecido por <a href='https:\/\/wordpress.org\/plugins\/pretty-google-calendar\/'>Pretty Google Calendar<\/a><\/div>\n  \n<\/div>\n\n\n\n<div id=\"itens\" class=\"wp-block-uagb-container uagb-block-4dc9cd5c alignfull uagb-is-root-container\"><div class=\"uagb-container__shape uagb-container__shape-bottom uagb-container__invert\" data-negative=\"false\"><svg xmlns=\"https:\/\/www.w3.org\/2000\/svg\" viewBox=\"0 0 1000 100\" preserveAspectRatio=\"none\"><path class=\"uagb-container__shape-fill\" d=\"M0,0c0,0,0,6,0,6.7c0,18,240.2,93.6,615.2,92.6C989.8,98.5,1000,25,1000,6.7c0-0.7,0-6.7,0-6.7H0z\"><\/path><\/svg><\/div><div class=\"uagb-container-inner-blocks-wrap\">\n<div class=\"wp-block-uagb-advanced-heading uagb-block-64b7d458\" id=\"diretorias\"><h2 class=\"uagb-heading-text\"><strong>Diretorias<\/strong><\/h2><div class=\"uagb-separator\"><\/div><\/div>\n\n\n\n<div class=\"wp-block-uagb-container uagb-block-851fcc6b alignfull uagb-is-root-container\"><div class=\"uagb-container-inner-blocks-wrap\">\n<div class=\"wp-block-uagb-container uagb-block-a08b1f06\">\n<div class=\"wp-block-uagb-image aligncenter uagb-block-c687b94a wp-block-uagb-image--layout-default wp-block-uagb-image--effect-static wp-block-uagb-image--align-center\"><figure class=\"wp-block-uagb-image__figure\"><img decoding=\"async\" srcset=\"https:\/\/progesp.uepa.br\/wp-content\/uploads\/2024\/04\/Assinatura_DAS_Prancheta-1-1024x323.png ,https:\/\/progesp.uepa.br\/wp-content\/uploads\/2024\/04\/Assinatura_DAS_Prancheta-1.png 780w, https:\/\/progesp.uepa.br\/wp-content\/uploads\/2024\/04\/Assinatura_DAS_Prancheta-1-300x95.png 360w\" sizes=\"auto, (max-width: 480px) 150px\" src=\"https:\/\/progesp.uepa.br\/wp-content\/uploads\/2024\/04\/Assinatura_DAS_Prancheta-1-1024x323.png\" alt=\"\" class=\"uag-image-123\" width=\"1024\" height=\"323\" title=\"\" loading=\"lazy\"\/><\/figure><\/div>\n\n\n\n<div class=\"wp-block-uagb-advanced-heading uagb-block-5aab5042\"><h4 class=\"uagb-heading-text\">Diretoria de Administra\u00e7\u00e3o e Servi\u00e7os &#8211; DAS<\/h4><\/div>\n\n\n\n<div class=\"wp-block-uagb-buttons uagb-buttons__outer-wrap uagb-btn__default-btn uagb-btn-tablet__default-btn uagb-btn-mobile__default-btn uagb-block-02e55bcc\"><div class=\"uagb-buttons__wrap uagb-buttons-layout-wrap\">\n<div class=\"wp-block-uagb-buttons-child uagb-buttons__outer-wrap uagb-block-ea7a4464 wp-block-button\"><div class=\"uagb-button__wrapper\"><a class=\"uagb-buttons-repeater wp-block-button__link\" href=\"https:\/\/das.uepa.br\/\" onclick=\"return true;\" rel=\"follow noopener\" target=\"_blank\"><div class=\"uagb-button__link\">Acesso ao Site<\/div><\/a><\/div><\/div>\n<\/div><\/div>\n<\/div>\n\n\n\n<div class=\"wp-block-uagb-container uagb-block-4329002b\">\n<div class=\"wp-block-uagb-image aligncenter uagb-block-66cf3dac wp-block-uagb-image--layout-default wp-block-uagb-image--effect-static wp-block-uagb-image--align-center\"><figure class=\"wp-block-uagb-image__figure\"><img decoding=\"async\" srcset=\"https:\/\/progesp.uepa.br\/wp-content\/uploads\/2024\/03\/cropped-Sem-Titulo-1-13-1-300x100-2.png ,https:\/\/progesp.uepa.br\/wp-content\/uploads\/2024\/03\/cropped-Sem-Titulo-1-13-1-300x100-2.png 780w, https:\/\/progesp.uepa.br\/wp-content\/uploads\/2024\/03\/cropped-Sem-Titulo-1-13-1-300x100-2.png 360w\" sizes=\"auto, (max-width: 480px) 150px\" src=\"https:\/\/progesp.uepa.br\/wp-content\/uploads\/2024\/03\/cropped-Sem-Titulo-1-13-1-300x100-2.png\" alt=\"\" class=\"uag-image-100\" width=\"300\" height=\"100\" title=\"\" loading=\"lazy\"\/><\/figure><\/div>\n\n\n\n<div class=\"wp-block-uagb-advanced-heading uagb-block-6cc42d04\"><h4 class=\"uagb-heading-text\">Diretoria de Gest\u00e3o de Pessoas &#8211; DGP<\/h4><\/div>\n\n\n\n<div class=\"wp-block-uagb-buttons uagb-buttons__outer-wrap uagb-btn__default-btn uagb-btn-tablet__default-btn uagb-btn-mobile__default-btn uagb-block-c5f81b0c\"><div class=\"uagb-buttons__wrap uagb-buttons-layout-wrap\">\n<div class=\"wp-block-uagb-buttons-child uagb-buttons__outer-wrap uagb-block-171eed97 wp-block-button\"><div class=\"uagb-button__wrapper\"><a class=\"uagb-buttons-repeater wp-block-button__link\" href=\"https:\/\/dgp.uepa.br\/\" onclick=\"return true;\" rel=\"follow noopener\" target=\"_blank\"><div class=\"uagb-button__link\">Acesso ao Site<\/div><\/a><\/div><\/div>\n<\/div><\/div>\n<\/div>\n\n\n\n<div class=\"wp-block-uagb-container uagb-block-830f5778\">\n<div class=\"wp-block-uagb-image aligncenter uagb-block-e8847a25 wp-block-uagb-image--layout-default wp-block-uagb-image--effect-static wp-block-uagb-image--align-center\"><figure class=\"wp-block-uagb-image__figure\"><img decoding=\"async\" srcset=\"https:\/\/progesp.uepa.br\/wp-content\/uploads\/2024\/04\/Assinatura_DARF_Prancheta-1-1024x323.png ,https:\/\/progesp.uepa.br\/wp-content\/uploads\/2024\/04\/Assinatura_DARF_Prancheta-1.png 780w, https:\/\/progesp.uepa.br\/wp-content\/uploads\/2024\/04\/Assinatura_DARF_Prancheta-1-1024x323.png 360w\" sizes=\"auto, (max-width: 480px) 150px\" src=\"https:\/\/progesp.uepa.br\/wp-content\/uploads\/2024\/04\/Assinatura_DARF_Prancheta-1-1024x323.png\" alt=\"\" class=\"uag-image-124\" width=\"1024\" height=\"323\" title=\"\" loading=\"lazy\"\/><\/figure><\/div>\n\n\n\n<div class=\"wp-block-uagb-advanced-heading uagb-block-847ed58c\"><h4 class=\"uagb-heading-text\">Diretoria de Administra\u00e7\u00e3o de Recursos Financeiros &#8211; DARF<\/h4><\/div>\n\n\n\n<div class=\"wp-block-uagb-buttons uagb-buttons__outer-wrap uagb-btn__default-btn uagb-btn-tablet__default-btn uagb-btn-mobile__default-btn uagb-block-a48d3079\"><div class=\"uagb-buttons__wrap uagb-buttons-layout-wrap\">\n<div class=\"wp-block-uagb-buttons-child uagb-buttons__outer-wrap uagb-block-780d6403 wp-block-button\"><div class=\"uagb-button__wrapper\"><a class=\"uagb-buttons-repeater wp-block-button__link\" href=\"https:\/\/darf.uepa.br\/\" onclick=\"return true;\" rel=\"follow noopener\" target=\"_blank\"><div class=\"uagb-button__link\">Acesso ao Site<\/div><\/a><\/div><\/div>\n<\/div><\/div>\n<\/div>\n\n\n\n<div class=\"wp-block-uagb-container uagb-block-15a0c2bb\">\n<div class=\"wp-block-uagb-image aligncenter uagb-block-d08f8901 wp-block-uagb-image--layout-default wp-block-uagb-image--effect-static wp-block-uagb-image--align-center\"><figure class=\"wp-block-uagb-image__figure\"><img decoding=\"async\" srcset=\"https:\/\/progesp.uepa.br\/wp-content\/uploads\/2024\/04\/Assinatura_DARM_Prancheta-1-1024x323.png ,https:\/\/progesp.uepa.br\/wp-content\/uploads\/2024\/04\/Assinatura_DARM_Prancheta-1.png 780w, https:\/\/progesp.uepa.br\/wp-content\/uploads\/2024\/04\/Assinatura_DARM_Prancheta-1-300x95.png 360w\" sizes=\"auto, (max-width: 480px) 150px\" src=\"https:\/\/progesp.uepa.br\/wp-content\/uploads\/2024\/04\/Assinatura_DARM_Prancheta-1-1024x323.png\" alt=\"\" class=\"uag-image-126\" width=\"1024\" height=\"323\" title=\"\" loading=\"lazy\"\/><\/figure><\/div>\n\n\n\n<div class=\"wp-block-uagb-advanced-heading uagb-block-a653723f\"><h4 class=\"uagb-heading-text\">Diretoria de Recursos Materiais &#8211; DARM<\/h4><\/div>\n\n\n\n<div class=\"wp-block-uagb-buttons uagb-buttons__outer-wrap uagb-btn__default-btn uagb-btn-tablet__default-btn uagb-btn-mobile__default-btn uagb-block-f9adb97f\"><div class=\"uagb-buttons__wrap uagb-buttons-layout-wrap\">\n<div class=\"wp-block-uagb-buttons-child uagb-buttons__outer-wrap uagb-block-7fe78ef7 wp-block-button\"><div class=\"uagb-button__wrapper\"><a class=\"uagb-buttons-repeater wp-block-button__link\" href=\"https:\/\/darm.uepa.br\/\" onclick=\"return true;\" rel=\"follow noopener\" target=\"_blank\"><div class=\"uagb-button__link\">Acesso ao Site<\/div><\/a><\/div><\/div>\n<\/div><\/div>\n<\/div>\n\n\n\n<div class=\"wp-block-uagb-container uagb-block-5fcbdba9\">\n<div class=\"wp-block-uagb-image aligncenter uagb-block-7b3d94ff wp-block-uagb-image--layout-default wp-block-uagb-image--effect-static wp-block-uagb-image--align-center\"><figure class=\"wp-block-uagb-image__figure\"><img decoding=\"async\" srcset=\"https:\/\/progesp.uepa.br\/wp-content\/uploads\/2024\/04\/Assinatura_DIPE_Prancheta-1-1024x323.png ,https:\/\/progesp.uepa.br\/wp-content\/uploads\/2024\/04\/Assinatura_DIPE_Prancheta-1.png 780w, https:\/\/progesp.uepa.br\/wp-content\/uploads\/2024\/04\/Assinatura_DIPE_Prancheta-1-300x95.png 360w\" sizes=\"auto, (max-width: 480px) 150px\" src=\"https:\/\/progesp.uepa.br\/wp-content\/uploads\/2024\/04\/Assinatura_DIPE_Prancheta-1-1024x323.png\" alt=\"\" class=\"uag-image-127\" width=\"1024\" height=\"323\" title=\"\" loading=\"lazy\"\/><\/figure><\/div>\n\n\n\n<div class=\"wp-block-uagb-advanced-heading uagb-block-cc1e7352\"><h4 class=\"uagb-heading-text\">Diretoria de Planejamento Estrat\u00e9gico &#8211; DIPE<\/h4><\/div>\n\n\n\n<div class=\"wp-block-uagb-buttons uagb-buttons__outer-wrap uagb-btn__default-btn uagb-btn-tablet__default-btn uagb-btn-mobile__default-btn uagb-block-f6cc57e0\"><div class=\"uagb-buttons__wrap uagb-buttons-layout-wrap\">\n<div class=\"wp-block-uagb-buttons-child uagb-buttons__outer-wrap uagb-block-b52e2a03 wp-block-button\"><div class=\"uagb-button__wrapper\"><a class=\"uagb-buttons-repeater wp-block-button__link\" href=\"https:\/\/dipe.uepa.br\/\" onclick=\"return true;\" rel=\"follow noopener\" target=\"_blank\"><div class=\"uagb-button__link\">Acesso ao Site<\/div><\/a><\/div><\/div>\n<\/div><\/div>\n<\/div>\n\n\n\n<div class=\"wp-block-uagb-container uagb-block-d619549a\">\n<div class=\"wp-block-uagb-image aligncenter uagb-block-c05afce1 wp-block-uagb-image--layout-default wp-block-uagb-image--effect-static wp-block-uagb-image--align-center\"><figure class=\"wp-block-uagb-image__figure\"><img decoding=\"async\" srcset=\"https:\/\/progesp.uepa.br\/wp-content\/uploads\/2025\/08\/Assinatura_Padrao_Diretorias_Desenvolvimento_Instituto-2.svg ,https:\/\/progesp.uepa.br\/wp-content\/uploads\/2025\/08\/Assinatura_Padrao_Diretorias_Desenvolvimento_Instituto-2.svg 780w, https:\/\/progesp.uepa.br\/wp-content\/uploads\/2025\/08\/Assinatura_Padrao_Diretorias_Desenvolvimento_Instituto-2.svg 360w\" sizes=\"auto, (max-width: 480px) 150px\" src=\"https:\/\/progesp.uepa.br\/wp-content\/uploads\/2025\/08\/Assinatura_Padrao_Diretorias_Desenvolvimento_Instituto-2.svg\" alt=\"\" class=\"uag-image-397\" width=\"858\" height=\"207\" title=\"\" loading=\"lazy\"\/><\/figure><\/div>\n\n\n\n<div class=\"wp-block-uagb-advanced-heading uagb-block-7acb8756\"><h4 class=\"uagb-heading-text\">Diretoria de Desenvolvimento Institucional &#8211; DDI<\/h4><\/div>\n\n\n\n<div class=\"wp-block-uagb-buttons uagb-buttons__outer-wrap uagb-btn__default-btn uagb-btn-tablet__default-btn uagb-btn-mobile__default-btn uagb-block-2aba3c64\"><div class=\"uagb-buttons__wrap uagb-buttons-layout-wrap\">\n<div class=\"wp-block-uagb-buttons-child uagb-buttons__outer-wrap uagb-block-e749080f wp-block-button\"><div class=\"uagb-button__wrapper\"><a class=\"uagb-buttons-repeater wp-block-button__link\" href=\"https:\/\/ddi.uepa.br\/\" onclick=\"return true;\" rel=\"follow noopener\" target=\"_blank\"><div class=\"uagb-button__link\">Acesso ao Site<\/div><\/a><\/div><\/div>\n<\/div><\/div>\n<\/div>\n<\/div><\/div>\n\n\n\n<p class=\"justify has-ast-global-color-8-color has-text-color has-link-color wp-elements-d90da5e60c9263de833291f2fb0014d9\">Seja bem-vindo ao espa\u00e7o virtual da Pr\u00f3-Reitoria de Gest\u00e3o e Planejamento (PROGESP) da Universidade do Estado do Par\u00e1 (UEPA). Aqui, buscamos proporcionar uma vis\u00e3o abrangente das atividades, projetos e servi\u00e7os que moldam a gest\u00e3o estrat\u00e9gica e o planejamento institucional da UEPA.<\/p>\n\n\n\n<p class=\"has-text-align-center has-ast-global-color-8-color has-text-color has-link-color wp-elements-f1a37a5e5031caf2d554319db13ab6fb\"><strong>Quem Somos:<\/strong><\/p>\n\n\n\n<p class=\"justify has-ast-global-color-8-color has-text-color has-link-color wp-elements-36ee02e242793d725ea75c71619fe83e\">A PROGESP \u00e9 o epicentro das opera\u00e7\u00f5es estrat\u00e9gicas da UEPA, dedicada a promover a excel\u00eancia administrativa e o desenvolvimento institucional. Nosso papel \u00e9 articular e implementar pol\u00edticas, projetos e iniciativas que impulsionem o progresso cont\u00ednuo da universidade, alinhando-se com suas metas e vis\u00e3o de futuro.<\/p>\n\n\n\n<p class=\"has-text-align-center has-ast-global-color-8-color has-text-color has-link-color wp-elements-417886c7877515170ee025b737411f7e\"><strong>Compromisso com a Qualidade:<\/strong><\/p>\n\n\n\n<ul class=\"wp-block-list lista has-ast-global-color-8-color has-text-color has-link-color wp-elements-73ea01907aa9701629a55a42c89be8bb\">\n<li><strong>Planejamento Estrat\u00e9gico:<\/strong> Desenvolvemos e implementamos planos estrat\u00e9gicos que orientam a evolu\u00e7\u00e3o da UEPA, assegurando uma abordagem integrada e sustent\u00e1vel para o crescimento institucional.<\/li>\n\n\n\n<li><strong>Transpar\u00eancia e Presta\u00e7\u00e3o de Contas:<\/strong> Valorizamos a transpar\u00eancia em todas as nossas opera\u00e7\u00f5es, fornecendo informa\u00e7\u00f5es claras e acess\u00edveis sobre nossas atividades, decis\u00f5es e desempenho.<\/li>\n\n\n\n<li><strong>Inova\u00e7\u00e3o e Efici\u00eancia:<\/strong> Buscamos constantemente a inova\u00e7\u00e3o e aprimoramento de processos, adotando pr\u00e1ticas eficientes que maximizem o uso dos recursos dispon\u00edveis e promovam a qualidade em todas as \u00e1reas da universidade.<\/li>\n<\/ul>\n\n\n\n<div class=\"wp-block-uagb-container uagb-block-28a1a34d default uagb-is-root-container\"><\/div>\n<\/div><\/div>\n","protected":false},"excerpt":{"rendered":"<p>Pr\u00f3-Reitoria de Gest\u00e3o e Planejamento Explore conosco as dimens\u00f5es estrat\u00e9gicas que impulsionam o progresso da Universidade do Estado do Par\u00e1 (UEPA). Na Pr\u00f3-Reitoria de Gest\u00e3o e Planejamento (PROGESP), comprometemo-nos a moldar um futuro s\u00f3lido para nossa institui\u00e7\u00e3o, integrando vis\u00e3o estrat\u00e9gica, inova\u00e7\u00e3o e efici\u00eancia. Agenda Diretorias Diretoria de Administra\u00e7\u00e3o e Servi\u00e7os &#8211; DAS Diretoria de Gest\u00e3o &hellip;<\/p>\n<p class=\"read-more\"> <a class=\"\" href=\"https:\/\/progesp.uepa.br\/\"> <span class=\"screen-reader-text\">Home<\/span> Leia mais &raquo;<\/a><\/p>\n","protected":false},"author":1,"featured_media":0,"parent":0,"menu_order":0,"comment_status":"closed","ping_status":"closed","template":"","meta":{"_uag_custom_page_level_css":"","site-sidebar-layout":"no-sidebar","site-content-layout":"plain-container","ast-site-content-layout":"","site-content-style":"default","site-sidebar-style":"default","ast-global-header-display":"","ast-banner-title-visibility":"","ast-main-header-display":"","ast-hfb-above-header-display":"","ast-hfb-below-header-display":"","ast-hfb-mobile-header-display":"","site-post-title":"disabled","ast-breadcrumbs-content":"","ast-featured-img":"","footer-sml-layout":"","theme-transparent-header-meta":"enabled","adv-header-id-meta":"","stick-header-meta":"","header-above-stick-meta":"","header-main-stick-meta":"","header-below-stick-meta":"","astra-migrate-meta-layouts":"","ast-page-background-enabled":"default","ast-page-background-meta":{"desktop":{"background-color":"var(--ast-global-color-4)","background-image":"","background-repeat":"repeat","background-position":"center center","background-size":"auto","background-attachment":"scroll","background-type":"","background-media":"","overlay-type":"","overlay-color":"","overlay-gradient":""},"tablet":{"background-color":"","background-image":"","background-repeat":"repeat","background-position":"center center","background-size":"auto","background-attachment":"scroll","background-type":"","background-media":"","overlay-type":"","overlay-color":"","overlay-gradient":""},"mobile":{"background-color":"","background-image":"","background-repeat":"repeat","background-position":"center center","background-size":"auto","background-attachment":"scroll","background-type":"","background-media":"","overlay-type":"","overlay-color":"","overlay-gradient":""}},"ast-content-background-meta":{"desktop":{"background-color":"var(--ast-global-color-5)","background-image":"","background-repeat":"repeat","background-position":"center center","background-size":"auto","background-attachment":"scroll","background-type":"","background-media":"","overlay-type":"","overlay-color":"","overlay-gradient":""},"tablet":{"background-color":"var(--ast-global-color-5)","background-image":"","background-repeat":"repeat","background-position":"center center","background-size":"auto","background-attachment":"scroll","background-type":"","background-media":"","overlay-type":"","overlay-color":"","overlay-gradient":""},"mobile":{"background-color":"var(--ast-global-color-5)","background-image":"","background-repeat":"repeat","background-position":"center center","background-size":"auto","background-attachment":"scroll","background-type":"","background-media":"","overlay-type":"","overlay-color":"","overlay-gradient":""}},"footnotes":""},"class_list":["post-13","page","type-page","status-publish","hentry"],"uagb_featured_image_src":{"full":false,"thumbnail":false,"medium":false,"medium_large":false,"large":false,"1536x1536":false,"2048x2048":false},"uagb_author_info":{"display_name":"adminsites@uepa.br","author_link":"https:\/\/progesp.uepa.br\/index.php\/author\/adminsitesuepa-br\/"},"uagb_comment_info":0,"uagb_excerpt":"Pr\u00f3-Reitoria de Gest\u00e3o e Planejamento Explore conosco as dimens\u00f5es estrat\u00e9gicas que impulsionam o progresso da Universidade do Estado do Par\u00e1 (UEPA). Na Pr\u00f3-Reitoria de Gest\u00e3o e Planejamento (PROGESP), comprometemo-nos a moldar um futuro s\u00f3lido para nossa institui\u00e7\u00e3o, integrando vis\u00e3o estrat\u00e9gica, inova\u00e7\u00e3o e efici\u00eancia. Agenda Diretorias Diretoria de Administra\u00e7\u00e3o e Servi\u00e7os &#8211; DAS Diretoria de Gest\u00e3o&hellip;","_links":{"self":[{"href":"https:\/\/progesp.uepa.br\/index.php\/wp-json\/wp\/v2\/pages\/13","targetHints":{"allow":["GET"]}}],"collection":[{"href":"https:\/\/progesp.uepa.br\/index.php\/wp-json\/wp\/v2\/pages"}],"about":[{"href":"https:\/\/progesp.uepa.br\/index.php\/wp-json\/wp\/v2\/types\/page"}],"author":[{"embeddable":true,"href":"https:\/\/progesp.uepa.br\/index.php\/wp-json\/wp\/v2\/users\/1"}],"replies":[{"embeddable":true,"href":"https:\/\/progesp.uepa.br\/index.php\/wp-json\/wp\/v2\/comments?post=13"}],"version-history":[{"count":89,"href":"https:\/\/progesp.uepa.br\/index.php\/wp-json\/wp\/v2\/pages\/13\/revisions"}],"predecessor-version":[{"id":404,"href":"https:\/\/progesp.uepa.br\/index.php\/wp-json\/wp\/v2\/pages\/13\/revisions\/404"}],"wp:attachment":[{"href":"https:\/\/progesp.uepa.br\/index.php\/wp-json\/wp\/v2\/media?parent=13"}],"curies":[{"name":"wp","href":"https:\/\/api.w.org\/{rel}","templated":true}]}}